{"id":2,"date":"2025-11-19T10:38:59","date_gmt":"2025-11-19T10:38:59","guid":{"rendered":"http:\/\/srv1088446.hstgr.cloud:8081\/?page_id=2"},"modified":"2025-11-19T10:38:59","modified_gmt":"2025-11-19T10:38:59","slug":"puslapio-pavyzdys","status":"publish","type":"page","link":"https:\/\/artdwel.com\/?page_id=2","title":{"rendered":"Puslapio pavyzdys"},"content":{"rendered":"\n<p>Tai yra puslapio pavyzdys. Puslapis \u0161iek tiek skiriasi nuo \u012fra\u0161o, nes i\u0161lieka vienoje vietoje ir daugelyje tem\u0173 rodomas meniu juostoje. Da\u017eniausiai pirmasis sukurtas puslapis yra \u201eApie\u201c, kuriame tinklalapis pristatomas lankytojams. \u0160is puslapis gali atrodyti taip:<\/p>\n\n\n\n<blockquote class=\"wp-block-quote is-layout-flow wp-block-quote-is-layout-flow\"><p>Sveiki! Dienomis a\u0161 dirbu kurjeriu, vakarais bandau tapti aktoriumi, taip pat kuriu \u0161\u012f tinklalap\u012f. Gyvenu Vilniuje, turiu nuostab\u0173 \u0161un\u012f, vardu Reksas, ir m\u0117gstu gerti sultis (bei pakli\u016bti \u012f liet\u0173).<\/p><\/blockquote>\n\n\n\n<p>\u2026arba taip:<\/p>\n\n\n\n<blockquote class=\"wp-block-quote is-layout-flow wp-block-quote-is-layout-flow\"><p>UAB \u201eLazeri\u0173 \u012fmon\u0117\u201c buvo \u012fkurta 1971-iais metais ir nuo to laiko gamina \u012fvairaus tipo lazerius. \u201eLazeri\u0173 \u012fmon\u0117\u201c yra \u012fsik\u016brusi Kaune, joje dirba apie 2000 fizikos specialist\u0173, kurie kasdien kurie nuostabius produktus, palengvinan\u010dius m\u016bs\u0173 vis\u0173 gyvenim\u0105.<\/p><\/blockquote>\n\n\n\n<p>Kadangi esate naujas(-a) WordPress vartotojas(-a), apsilankykite savo <a href=\"http:\/\/srv1088446.hstgr.cloud:8081\/wp-admin\/\" rel=\"nofollow noopener\" target=\"_blank\">Skydelyje<\/a>, i\u0161trinkite \u0161\u012f puslap\u012f ir susikurkite nauj\u0173 su savo turiniu. M\u0117gaukit\u0117s!<\/p>\n","protected":false},"excerpt":{"rendered":"<p>Tai yra puslapio pavyzdys. Puslapis \u0161iek tiek skiriasi nuo \u012fra\u0161o, nes i\u0161lieka vienoje vietoje ir daugelyje tem\u0173 rodomas meniu juostoje. Da\u017eniausiai pirmasis sukurtas puslapis yra \u201eApie\u201c, kuriame tinklalapis pristatomas lankytojams. \u0160is puslapis gali atrodyti taip: Sveiki! Dienomis a\u0161 dirbu kurjeriu, vakarais bandau tapti aktoriumi, taip pat kuriu \u0161\u012f tinklalap\u012f. Gyvenu Vilniuje, turiu nuostab\u0173 \u0161un\u012f, vardu&#8230;<\/p>\n","protected":false},"author":1,"featured_media":0,"parent":0,"menu_order":0,"comment_status":"closed","ping_status":"open","template":"","meta":{"_kadence_starter_templates_imported_post":false,"_kad_post_transparent":"","_kad_post_title":"","_kad_post_layout":"","_kad_post_sidebar_id":"","_kad_post_content_style":"","_kad_post_vertical_padding":"","_kad_post_feature":"","_kad_post_feature_position":"","_kad_post_header":false,"_kad_post_footer":false,"_kad_post_classname":"","footnotes":""},"class_list":["post-2","page","type-page","status-publish","hentry"],"_links":{"self":[{"href":"https:\/\/artdwel.com\/index.php?rest_route=\/wp\/v2\/pages\/2","targetHints":{"allow":["GET"]}}],"collection":[{"href":"https:\/\/artdwel.com\/index.php?rest_route=\/wp\/v2\/pages"}],"about":[{"href":"https:\/\/artdwel.com\/index.php?rest_route=\/wp\/v2\/types\/page"}],"author":[{"embeddable":true,"href":"https:\/\/artdwel.com\/index.php?rest_route=\/wp\/v2\/users\/1"}],"replies":[{"embeddable":true,"href":"https:\/\/artdwel.com\/index.php?rest_route=%2Fwp%2Fv2%2Fcomments&post=2"}],"version-history":[{"count":0,"href":"https:\/\/artdwel.com\/index.php?rest_route=\/wp\/v2\/pages\/2\/revisions"}],"wp:attachment":[{"href":"https:\/\/artdwel.com\/index.php?rest_route=%2Fwp%2Fv2%2Fmedia&parent=2"}],"curies":[{"name":"wp","href":"https:\/\/api.w.org\/{rel}","templated":true}]}}